{"id":891,"date":"2017-12-30T08:47:37","date_gmt":"2017-12-30T08:47:37","guid":{"rendered":"http:\/\/cdu-buir.de\/?page_id=891"},"modified":"2017-12-30T09:14:32","modified_gmt":"2017-12-30T09:14:32","slug":"news","status":"publish","type":"page","link":"https:\/\/cdu-buir.de\/?page_id=891","title":{"rendered":"News"},"content":{"rendered":"<div class=\"pt-cv-wrapper\"><div class=\"pt-cv-view pt-cv-grid pt-cv-colsys\" id=\"pt-cv-view-087e7c5p4l\"><div data-id=\"pt-cv-page-1\" class=\"pt-cv-page\" data-cvc=\"1\"><div class=\"col-md-12 col-sm-12 col-xs-12 pt-cv-content-item pt-cv-2-col\" ><div class='pt-cv-ifield'><a href=\"https:\/\/cdu-buir.de\/?p=2315\" class=\"_self pt-cv-href-thumbnail pt-cv-thumb-left\" target=\"_self\" ><img loading=\"lazy\" decoding=\"async\" width=\"295\" height=\"300\" src=\"https:\/\/cdu-buir.de\/wp-content\/uploads\/2025\/09\/Bildschirmfoto-2025-09-15-um-08.42.52-295x300.png\" class=\"pt-cv-thumbnail pull-left\" alt=\"\" srcset=\"https:\/\/cdu-buir.de\/wp-content\/uploads\/2025\/09\/Bildschirmfoto-2025-09-15-um-08.42.52-295x300.png 295w, https:\/\/cdu-buir.de\/wp-content\/uploads\/2025\/09\/Bildschirmfoto-2025-09-15-um-08.42.52.png 625w\" sizes=\"auto, (max-width: 295px) 100vw, 295px\" \/><\/a>\n<div class=\"pt-cv-colwrap\"><h4 class=\"pt-cv-title\"><a href=\"https:\/\/cdu-buir.de\/?p=2315\" class=\"_self\" target=\"_self\" >Wahlergebnis der Kommunalwahl 2025<\/a><\/h4><div class=\"pt-cv-content\">Die Kommunalwahl 2025 hat am 14.09.2025 stattgefunden. An diesem Sonntag waren alle B\u00fcrgerinnen und B\u00fcrger aufgerufen ihre Vertreter auf kommunaler Ebene zu W\u00e4hlen. Zur Wahl standen der Landrat, der Kreistag, der B\u00fcrgermeister und die Ratsvertreter. Bei den Wahlen f\u00fcr den Landrat und den B\u00fcrgermeister wird es eine Stichwahl am 28.092025 geben. Hier konnte keiner der Bewerber die absolute Mehrheit erreichen ...<br \/><div class=\"pt-cv-rmwrap\"><a href=\"https:\/\/cdu-buir.de\/?p=2315\" class=\"_self pt-cv-readmore btn btn-success\" target=\"_self\">Weiterlesen \u2026<\/a><\/div><\/div><\/div><\/div><\/div>\n<div class=\"col-md-12 col-sm-12 col-xs-12 pt-cv-content-item pt-cv-2-col\" ><div class='pt-cv-ifield'><a href=\"https:\/\/cdu-buir.de\/?p=2216\" class=\"_self pt-cv-href-thumbnail pt-cv-thumb-left\" target=\"_self\" ><img loading=\"lazy\" decoding=\"async\" width=\"300\" height=\"225\" src=\"https:\/\/cdu-buir.de\/wp-content\/uploads\/2025\/04\/487471562_18109831834470888_5109404770563438032_n.jpg-300x225.jpg\" class=\"pt-cv-thumbnail pull-left\" alt=\"\" srcset=\"https:\/\/cdu-buir.de\/wp-content\/uploads\/2025\/04\/487471562_18109831834470888_5109404770563438032_n.jpg-300x225.jpg 300w, https:\/\/cdu-buir.de\/wp-content\/uploads\/2025\/04\/487471562_18109831834470888_5109404770563438032_n.jpg-1024x768.jpg 1024w, https:\/\/cdu-buir.de\/wp-content\/uploads\/2025\/04\/487471562_18109831834470888_5109404770563438032_n.jpg-768x576.jpg 768w, https:\/\/cdu-buir.de\/wp-content\/uploads\/2025\/04\/487471562_18109831834470888_5109404770563438032_n.jpg.jpg 1440w\" sizes=\"auto, (max-width: 300px) 100vw, 300px\" \/><\/a>\n<div class=\"pt-cv-colwrap\"><h4 class=\"pt-cv-title\"><a href=\"https:\/\/cdu-buir.de\/?p=2216\" class=\"_self\" target=\"_self\" >CDU Kerpen geht mit Harald Stingl in den Wahlkampf<\/a><\/h4><div class=\"pt-cv-content\">Nachdem unser amtierender B\u00fcrgermeister Dieter Sp\u00fcrck erkl\u00e4rt hat, nicht bei der n\u00e4chsten Kommunalwahl als Kandidat zur Verf\u00fcgung zu stehen, hat der CDU Standverband einen neuen B\u00fcrgermeisterkandidaten gew\u00e4hlt. Dieter Sp\u00fcrck musste leider aus gesundheitlichen Gr\u00fcnden seine urspr\u00fcngliche Kandidatur zur dritten Amtszeit zur\u00fcckziehen. Am 02.04.2025 fand die Mitgliederversammlung zur Wahl eines neuen Bewerbers f\u00fcr das B\u00fcrgermeisteramt statt. Im Vorfeld hatten sich zwei ...<br \/><div class=\"pt-cv-rmwrap\"><a href=\"https:\/\/cdu-buir.de\/?p=2216\" class=\"_self pt-cv-readmore btn btn-success\" target=\"_self\">Weiterlesen \u2026<\/a><\/div><\/div><\/div><\/div><\/div>\n<div class=\"col-md-12 col-sm-12 col-xs-12 pt-cv-content-item pt-cv-2-col\" ><div class='pt-cv-ifield'><a href=\"https:\/\/cdu-buir.de\/?p=2209\" class=\"_self pt-cv-href-thumbnail pt-cv-thumb-left\" target=\"_self\" ><img loading=\"lazy\" decoding=\"async\" width=\"300\" height=\"292\" src=\"https:\/\/cdu-buir.de\/wp-content\/uploads\/2025\/02\/Bildschirmfoto-2025-02-24-um-10.24.07-300x292.png\" class=\"pt-cv-thumbnail pull-left\" alt=\"\" srcset=\"https:\/\/cdu-buir.de\/wp-content\/uploads\/2025\/02\/Bildschirmfoto-2025-02-24-um-10.24.07-300x292.png 300w, https:\/\/cdu-buir.de\/wp-content\/uploads\/2025\/02\/Bildschirmfoto-2025-02-24-um-10.24.07.png 657w\" sizes=\"auto, (max-width: 300px) 100vw, 300px\" \/><\/a>\n<div class=\"pt-cv-colwrap\"><h4 class=\"pt-cv-title\"><a href=\"https:\/\/cdu-buir.de\/?p=2209\" class=\"_self\" target=\"_self\" >Wahlergebnis Bundestagswahl 2025<\/a><\/h4><div class=\"pt-cv-content\">Wir m\u00f6chten uns bei allen Unterst\u00fctzern f\u00fcr Ihre Stimme und das damit in unseren Kandidaten Dr. Georg Kippels gesetzte Vertrauen bedanken! Wir freuen uns sehr \u00fcber das gute Ergebnis in Buir, der Kolpingstadt und im Rhein-Erft-Kreis und gratulieren Dr. Kippels herzlich zu seinem erneuten direkten Einzug in den deutschen Bundestag. Dort wird er w\u00e4hrend der n\u00e4chsten Legislatur unsere Interessen vertreten ...<br \/><div class=\"pt-cv-rmwrap\"><a href=\"https:\/\/cdu-buir.de\/?p=2209\" class=\"_self pt-cv-readmore btn btn-success\" target=\"_self\">Weiterlesen \u2026<\/a><\/div><\/div><\/div><\/div><\/div>\n<div class=\"col-md-12 col-sm-12 col-xs-12 pt-cv-content-item pt-cv-2-col\" ><div class='pt-cv-ifield'><a href=\"https:\/\/cdu-buir.de\/?p=2203\" class=\"_self pt-cv-href-thumbnail pt-cv-thumb-left\" target=\"_self\" ><img loading=\"lazy\" decoding=\"async\" width=\"269\" height=\"300\" src=\"https:\/\/cdu-buir.de\/wp-content\/uploads\/2025\/01\/Bildschirmfoto-2025-01-26-um-13.40.56-269x300.png\" class=\"pt-cv-thumbnail pull-left\" alt=\"\" srcset=\"https:\/\/cdu-buir.de\/wp-content\/uploads\/2025\/01\/Bildschirmfoto-2025-01-26-um-13.40.56-269x300.png 269w, https:\/\/cdu-buir.de\/wp-content\/uploads\/2025\/01\/Bildschirmfoto-2025-01-26-um-13.40.56.png 674w\" sizes=\"auto, (max-width: 269px) 100vw, 269px\" \/><\/a>\n<div class=\"pt-cv-colwrap\"><h4 class=\"pt-cv-title\"><a href=\"https:\/\/cdu-buir.de\/?p=2203\" class=\"_self\" target=\"_self\" >Grundsteuer B \u00c4nderung in 2025<\/a><\/h4><div class=\"pt-cv-content\">Liebe Buirerinnen und Buirer, das Thema Grundsteuern ist aktuell zu Recht in aller Munde. Hier wird an vielen Stellen diskutiert, welche Auswirkungen es haben wird, was geplant ist und wie Wohnen bzw. die Grundsteuer in Kerpen in Zukunft in einem realistischen Rahmen bleiben. Gerne m\u00f6chte ich versuchen zu erkl\u00e4ren wie es zu diesen Zahlen kommt und was aktuell versucht wird ...<br \/><div class=\"pt-cv-rmwrap\"><a href=\"https:\/\/cdu-buir.de\/?p=2203\" class=\"_self pt-cv-readmore btn btn-success\" target=\"_self\">Weiterlesen \u2026<\/a><\/div><\/div><\/div><\/div><\/div>\n<div class=\"col-md-12 col-sm-12 col-xs-12 pt-cv-content-item pt-cv-2-col\" ><div class='pt-cv-ifield'><a href=\"https:\/\/cdu-buir.de\/?p=2200\" class=\"_self pt-cv-href-thumbnail pt-cv-thumb-left\" target=\"_self\" ><img loading=\"lazy\" decoding=\"async\" width=\"300\" height=\"225\" src=\"https:\/\/cdu-buir.de\/wp-content\/uploads\/2025\/01\/CDU-Team-250117-2-300x225.jpg\" class=\"pt-cv-thumbnail pull-left\" alt=\"\" srcset=\"https:\/\/cdu-buir.de\/wp-content\/uploads\/2025\/01\/CDU-Team-250117-2-300x225.jpg 300w, https:\/\/cdu-buir.de\/wp-content\/uploads\/2025\/01\/CDU-Team-250117-2-1024x768.jpg 1024w, https:\/\/cdu-buir.de\/wp-content\/uploads\/2025\/01\/CDU-Team-250117-2-768x576.jpg 768w, https:\/\/cdu-buir.de\/wp-content\/uploads\/2025\/01\/CDU-Team-250117-2-1536x1152.jpg 1536w, https:\/\/cdu-buir.de\/wp-content\/uploads\/2025\/01\/CDU-Team-250117-2-2048x1536.jpg 2048w\" sizes=\"auto, (max-width: 300px) 100vw, 300px\" \/><\/a>\n<div class=\"pt-cv-colwrap\"><h4 class=\"pt-cv-title\"><a href=\"https:\/\/cdu-buir.de\/?p=2200\" class=\"_self\" target=\"_self\" >Kandidaten nominiert &#8211; Starkes Team f\u00fcr Kerpen<\/a><\/h4><div class=\"pt-cv-content\">Auf ihrer Mitgliederversammlung hat die CDU der Kolpingstadt Kerpen jetzt die Weichen f\u00fcr die Kommunalwahl im September gestellt. Erwartungsgem\u00e4\u00df wurde B\u00fcrgermeister Dieter Sp\u00fcrck erneut als B\u00fcrgermeisterkandidat gew\u00e4hlt. Zudem wurden die 23 Kandidatinnen und Kandidaten f\u00fcr die Wahlbezirke der Stadt aufgestellt. In Vertretung des erkrankten Stadtverbandvorsitzenden Addy Muckes leiteten Stellvertreterin Irmgard Bremer und Kreisgesch\u00e4ftsf\u00fchrerin Margret Mages die Sitzung unter den strengen ...<br \/><div class=\"pt-cv-rmwrap\"><a href=\"https:\/\/cdu-buir.de\/?p=2200\" class=\"_self pt-cv-readmore btn btn-success\" target=\"_self\">Weiterlesen \u2026<\/a><\/div><\/div><\/div><\/div><\/div><\/div><\/div><\/div>\n<p>&nbsp;<\/p>\n<p><strong><a href=\"http:\/\/cdu-buir.de\/?page_id=898\">\u00c4ltere Beitr\u00e4ge anzeigen&#8230;<\/a><\/strong><\/p>\n","protected":false},"excerpt":{"rendered":"<p>&nbsp; \u00c4ltere Beitr\u00e4ge anzeigen&#8230;<\/p>\n","protected":false},"author":1,"featured_media":0,"parent":0,"menu_order":0,"comment_status":"closed","ping_status":"closed","template":"","meta":{"footnotes":""},"class_list":["post-891","page","type-page","status-publish","hentry"],"_links":{"self":[{"href":"https:\/\/cdu-buir.de\/index.php?rest_route=\/wp\/v2\/pages\/891","targetHints":{"allow":["GET"]}}],"collection":[{"href":"https:\/\/cdu-buir.de\/index.php?rest_route=\/wp\/v2\/pages"}],"about":[{"href":"https:\/\/cdu-buir.de\/index.php?rest_route=\/wp\/v2\/types\/page"}],"author":[{"embeddable":true,"href":"https:\/\/cdu-buir.de\/index.php?rest_route=\/wp\/v2\/users\/1"}],"replies":[{"embeddable":true,"href":"https:\/\/cdu-buir.de\/index.php?rest_route=%2Fwp%2Fv2%2Fcomments&post=891"}],"version-history":[{"count":6,"href":"https:\/\/cdu-buir.de\/index.php?rest_route=\/wp\/v2\/pages\/891\/revisions"}],"predecessor-version":[{"id":931,"href":"https:\/\/cdu-buir.de\/index.php?rest_route=\/wp\/v2\/pages\/891\/revisions\/931"}],"wp:attachment":[{"href":"https:\/\/cdu-buir.de\/index.php?rest_route=%2Fwp%2Fv2%2Fmedia&parent=891"}],"curies":[{"name":"wp","href":"https:\/\/api.w.org\/{rel}","templated":true}]}}