{"id":813,"date":"2017-12-29T21:49:27","date_gmt":"2017-12-29T21:49:27","guid":{"rendered":"http:\/\/cdu-buir.de\/?page_id=813"},"modified":"2020-09-19T06:12:01","modified_gmt":"2020-09-19T06:12:01","slug":"home","status":"publish","type":"page","link":"https:\/\/cdu-buir.de\/","title":{"rendered":"Home"},"content":{"rendered":"<div id=\"metaslider-id-56\" style=\"width: 100%; margin: 0 auto;\" class=\"ml-slider-3-107-0 metaslider metaslider-flex metaslider-56 ml-slider has-dots-nav ms-theme-default\" role=\"region\" aria-label=\"New Slideshow\" data-height=\"330\" data-width=\"925\">\n    <div id=\"metaslider_container_56\">\n        <div id=\"metaslider_56\">\n            <ul class='slides'>\n                <li style=\"display: block; width: 100%;\" class=\"slide-2355 ms-image \" aria-roledescription=\"slide\" data-date=\"2026-03-28 10:09:08\" data-filename=\"ci_99550-925x330.jpg\" data-slide-type=\"image\"><img loading=\"lazy\" decoding=\"async\" src=\"https:\/\/cdu-buir.de\/wp-content\/uploads\/2023\/04\/ci_99550-925x330.jpg\" height=\"330\" width=\"925\" alt=\"\" class=\"slider-56 slide-2355 msDefaultImage\" title=\"ci_99550\" \/><\/li>\n                <li style=\"display: none; width: 100%;\" class=\"slide-2269 ms-image \" aria-roledescription=\"slide\" data-date=\"2025-05-18 11:12:45\" data-filename=\"Bildschirmfoto-2025-05-18-um-13.12.22-925x330.png\" data-slide-type=\"image\"><img loading=\"lazy\" decoding=\"async\" src=\"https:\/\/cdu-buir.de\/wp-content\/uploads\/2025\/05\/Bildschirmfoto-2025-05-18-um-13.12.22-925x330.png\" height=\"330\" width=\"925\" alt=\"\" class=\"slider-56 slide-2269 msDefaultImage\" title=\"Bildschirmfoto 2025-05-18 um 13.12.22\" \/><\/li>\n                <li style=\"display: none; width: 100%;\" class=\"slide-761 ms-image \" aria-roledescription=\"slide\" data-date=\"2017-12-29 20:18:18\" data-filename=\"ci_119706-925x330.jpg\" data-slide-type=\"image\"><a href=\"https:\/\/www.cdu.de\/mitglied-werden\" target=\"_self\" aria-label=\"View Slide Details\" class=\"metaslider_image_link\"><img loading=\"lazy\" decoding=\"async\" src=\"https:\/\/cdu-buir.de\/wp-content\/uploads\/2020\/05\/ci_119706-925x330.jpg\" height=\"330\" width=\"925\" alt=\"\" class=\"slider-56 slide-761 msDefaultImage\" \/><\/a><\/li>\n            <\/ul>\n        <\/div>\n        \n    <\/div>\n<\/div>\n<div class=\"pt-cv-wrapper\"><div class=\"pt-cv-view pt-cv-grid pt-cv-colsys\" id=\"pt-cv-view-88e23fek5q\"><div data-id=\"pt-cv-page-1\" class=\"pt-cv-page\" data-cvc=\"1\"><div class=\"col-md-12 col-sm-12 col-xs-12 pt-cv-content-item pt-cv-2-col\" ><div class='pt-cv-ifield'><a href=\"https:\/\/cdu-buir.de\/?p=2351\" class=\"_self pt-cv-href-thumbnail pt-cv-thumb-left\" target=\"_self\" ><img loading=\"lazy\" decoding=\"async\" width=\"300\" height=\"212\" src=\"https:\/\/cdu-buir.de\/wp-content\/uploads\/2026\/03\/Entwicklung-Buir-300x212.jpg\" class=\"pt-cv-thumbnail pull-left\" alt=\"\" srcset=\"https:\/\/cdu-buir.de\/wp-content\/uploads\/2026\/03\/Entwicklung-Buir-300x212.jpg 300w, https:\/\/cdu-buir.de\/wp-content\/uploads\/2026\/03\/Entwicklung-Buir-1024x722.jpg 1024w, https:\/\/cdu-buir.de\/wp-content\/uploads\/2026\/03\/Entwicklung-Buir-768x542.jpg 768w, https:\/\/cdu-buir.de\/wp-content\/uploads\/2026\/03\/Entwicklung-Buir.jpg 1438w\" sizes=\"auto, (max-width: 300px) 100vw, 300px\" \/><\/a>\n<div class=\"pt-cv-colwrap\"><h4 class=\"pt-cv-title\"><a href=\"https:\/\/cdu-buir.de\/?p=2351\" class=\"_self\" target=\"_self\" >Neubau des Vereinsheimes inkl. Sportplatz in Buir, Mittelbereitstellung und Zeitplan<\/a><\/h4><div class=\"pt-cv-content\">Sehr geehrter Herr B\u00fcrgermeister, leider konnte der avisierte Zeitplan f\u00fcr die Umwandlung des Tennenplatzes in einen Kunstrasenplatz, sowie die Errichtung des Vereinsheim noch nicht realisiert werden. Aus diesem Grund beantrage ich sicherzustellen, dass die notwendigen und beschlossenen Mittel auch in diesem Haushalt wieder uneingeschr\u00e4nkt zur Verf\u00fcgung stehen, sowie die Vorstellung des beschlossenen Projektes im Ausschuss f\u00fcr Sport, Freizeit und Kultur ...<br \/><div class=\"pt-cv-rmwrap\"><a href=\"https:\/\/cdu-buir.de\/?p=2351\" class=\"_self pt-cv-readmore btn btn-success\" target=\"_self\">Weiterlesen \u2026<\/a><\/div><\/div><\/div><\/div><\/div>\n<div class=\"col-md-12 col-sm-12 col-xs-12 pt-cv-content-item pt-cv-2-col\" ><div class='pt-cv-ifield'><a href=\"https:\/\/cdu-buir.de\/?p=2346\" class=\"_self pt-cv-href-thumbnail pt-cv-thumb-left\" target=\"_self\" ><img loading=\"lazy\" decoding=\"async\" width=\"300\" height=\"200\" src=\"https:\/\/cdu-buir.de\/wp-content\/uploads\/2026\/03\/fussball-borussiabuir-borussia-buir-Vereinsheim-m-1024x684-1-300x200.jpg\" class=\"pt-cv-thumbnail pull-left\" alt=\"\" srcset=\"https:\/\/cdu-buir.de\/wp-content\/uploads\/2026\/03\/fussball-borussiabuir-borussia-buir-Vereinsheim-m-1024x684-1-300x200.jpg 300w, https:\/\/cdu-buir.de\/wp-content\/uploads\/2026\/03\/fussball-borussiabuir-borussia-buir-Vereinsheim-m-1024x684-1-768x513.jpg 768w, https:\/\/cdu-buir.de\/wp-content\/uploads\/2026\/03\/fussball-borussiabuir-borussia-buir-Vereinsheim-m-1024x684-1.jpg 1024w\" sizes=\"auto, (max-width: 300px) 100vw, 300px\" \/><\/a>\n<div class=\"pt-cv-colwrap\"><h4 class=\"pt-cv-title\"><a href=\"https:\/\/cdu-buir.de\/?p=2346\" class=\"_self\" target=\"_self\" >Sonderbudget zur Unterst\u00fctzung bestimmter Sportvereine &#8211; Unterst\u00fctzung FC Borussia Buir<\/a><\/h4><div class=\"pt-cv-content\">Sehr geehrter Herr B\u00fcrgermeister, seitens des FC Borussia Buir 1919 e.V. liegt ein Antrag zur Bereitstellung eines Sonderbudgets zur Unterst\u00fctzung von Sportvereinen bei erheblichem Renovierungs- und Investitionsstau vor. Diesen Antrag kann ich als Ortsvorsteher nur unterst\u00fctzen. An der Situation der betroffenen Vereine hat sich bis jetzt nichts ge\u00e4ndert, somit ist hier nach wie vor eine gezielte Unterst\u00fctzung sinnvoll. Aus diesem ...<br \/><div class=\"pt-cv-rmwrap\"><a href=\"https:\/\/cdu-buir.de\/?p=2346\" class=\"_self pt-cv-readmore btn btn-success\" target=\"_self\">Weiterlesen \u2026<\/a><\/div><\/div><\/div><\/div><\/div>\n<div class=\"col-md-12 col-sm-12 col-xs-12 pt-cv-content-item pt-cv-2-col\" ><div class='pt-cv-ifield'><a href=\"https:\/\/cdu-buir.de\/?p=2339\" class=\"_self pt-cv-href-thumbnail pt-cv-thumb-left\" target=\"_self\" ><img loading=\"lazy\" decoding=\"async\" width=\"300\" height=\"225\" src=\"https:\/\/cdu-buir.de\/wp-content\/uploads\/2023\/02\/IMG_0301-300x225.jpg\" class=\"pt-cv-thumbnail pull-left\" alt=\"\" srcset=\"https:\/\/cdu-buir.de\/wp-content\/uploads\/2023\/02\/IMG_0301-300x225.jpg 300w, https:\/\/cdu-buir.de\/wp-content\/uploads\/2023\/02\/IMG_0301-1024x768.jpg 1024w, https:\/\/cdu-buir.de\/wp-content\/uploads\/2023\/02\/IMG_0301-768x576.jpg 768w, https:\/\/cdu-buir.de\/wp-content\/uploads\/2023\/02\/IMG_0301-1536x1152.jpg 1536w, https:\/\/cdu-buir.de\/wp-content\/uploads\/2023\/02\/IMG_0301.jpg 1613w\" sizes=\"auto, (max-width: 300px) 100vw, 300px\" \/><\/a>\n<div class=\"pt-cv-colwrap\"><h4 class=\"pt-cv-title\"><a href=\"https:\/\/cdu-buir.de\/?p=2339\" class=\"_self\" target=\"_self\" >Neubau des Vereinsheimes inkl. Sportplatz in Buir, Priorisierung und F\u00f6rderm\u00f6glichkeiten aus dem Bundesprogramm \u201eSanierung kommunaler Sportst\u00e4tten\u201c<\/a><\/h4><div class=\"pt-cv-content\">Sehr geehrter Herr B\u00fcrgermeister, f\u00fcr die Ratssitzung am 16.12.2025 liegt ein Antrag vor, der die Beteiligung am Bundesprogramm \u201eSanierung kommunaler Sportst\u00e4tten\u201c thematisiert. Auch der Buirer Sportverein FC Borussia Buir 1919 e.V. und ich als Ortsvorsteher haben bereits auf die M\u00f6glichkeiten des F\u00f6rderprogramms im Vorfeld aufmerksam gemacht und um Nutzung f\u00fcr das bekannte Projekt gebeten. Leider ist hierzu in der Verwaltungsvorlage ...<br \/><div class=\"pt-cv-rmwrap\"><a href=\"https:\/\/cdu-buir.de\/?p=2339\" class=\"_self pt-cv-readmore btn btn-success\" target=\"_self\">Weiterlesen \u2026<\/a><\/div><\/div><\/div><\/div><\/div>\n<div class=\"col-md-12 col-sm-12 col-xs-12 pt-cv-content-item pt-cv-2-col\" ><div class='pt-cv-ifield'><a href=\"https:\/\/cdu-buir.de\/?p=2335\" class=\"_self pt-cv-href-thumbnail pt-cv-thumb-left\" target=\"_self\" ><img loading=\"lazy\" decoding=\"async\" width=\"300\" height=\"188\" src=\"https:\/\/cdu-buir.de\/wp-content\/uploads\/2025\/11\/Bildschirmfoto-2025-11-22-um-14.08.52-300x188.png\" class=\"pt-cv-thumbnail pull-left\" alt=\"\" srcset=\"https:\/\/cdu-buir.de\/wp-content\/uploads\/2025\/11\/Bildschirmfoto-2025-11-22-um-14.08.52-300x188.png 300w, https:\/\/cdu-buir.de\/wp-content\/uploads\/2025\/11\/Bildschirmfoto-2025-11-22-um-14.08.52-768x481.png 768w, https:\/\/cdu-buir.de\/wp-content\/uploads\/2025\/11\/Bildschirmfoto-2025-11-22-um-14.08.52.png 805w\" sizes=\"auto, (max-width: 300px) 100vw, 300px\" \/><\/a>\n<div class=\"pt-cv-colwrap\"><h4 class=\"pt-cv-title\"><a href=\"https:\/\/cdu-buir.de\/?p=2335\" class=\"_self\" target=\"_self\" >Ausfall der S-Bahnen am Buirer Haltepunkt<\/a><\/h4><div class=\"pt-cv-content\">Sehr geehrter Herr B\u00fcrgermeister, wie mir aus der Buirer Bev\u00f6lkerung berichtet wurde, gab es wieder einmal Probleme mit der S-Bahn in Buir. Durch einen Signalausfall zwischen K\u00f6ln-Deutz und der Frankfurter Stra\u00dfe kam es im S-Bahnverkehr zu Problemen, die dazu f\u00fchrten, dass am Buirer Bahnhof zumindest zwischen 7:00 und 8:00 alle S-Bahnen in Richtung K\u00f6ln als \u201ef\u00e4llt aus\u201c angezeigt wurden. Zeitgleich ...<br \/><div class=\"pt-cv-rmwrap\"><a href=\"https:\/\/cdu-buir.de\/?p=2335\" class=\"_self pt-cv-readmore btn btn-success\" target=\"_self\">Weiterlesen \u2026<\/a><\/div><\/div><\/div><\/div><\/div><\/div><\/div><\/div>\n","protected":false},"excerpt":{"rendered":"","protected":false},"author":1,"featured_media":0,"parent":0,"menu_order":0,"comment_status":"closed","ping_status":"closed","template":"","meta":{"footnotes":""},"class_list":["post-813","page","type-page","status-publish","hentry"],"_links":{"self":[{"href":"https:\/\/cdu-buir.de\/index.php?rest_route=\/wp\/v2\/pages\/813","targetHints":{"allow":["GET"]}}],"collection":[{"href":"https:\/\/cdu-buir.de\/index.php?rest_route=\/wp\/v2\/pages"}],"about":[{"href":"https:\/\/cdu-buir.de\/index.php?rest_route=\/wp\/v2\/types\/page"}],"author":[{"embeddable":true,"href":"https:\/\/cdu-buir.de\/index.php?rest_route=\/wp\/v2\/users\/1"}],"replies":[{"embeddable":true,"href":"https:\/\/cdu-buir.de\/index.php?rest_route=%2Fwp%2Fv2%2Fcomments&post=813"}],"version-history":[{"count":8,"href":"https:\/\/cdu-buir.de\/index.php?rest_route=\/wp\/v2\/pages\/813\/revisions"}],"predecessor-version":[{"id":1767,"href":"https:\/\/cdu-buir.de\/index.php?rest_route=\/wp\/v2\/pages\/813\/revisions\/1767"}],"wp:attachment":[{"href":"https:\/\/cdu-buir.de\/index.php?rest_route=%2Fwp%2Fv2%2Fmedia&parent=813"}],"curies":[{"name":"wp","href":"https:\/\/api.w.org\/{rel}","templated":true}]}}