{"id":1166,"date":"2017-12-30T15:18:59","date_gmt":"2017-12-30T15:18:59","guid":{"rendered":"http:\/\/cdu-buir.de\/?page_id=1166"},"modified":"2017-12-30T15:18:59","modified_gmt":"2017-12-30T15:18:59","slug":"termine","status":"publish","type":"page","link":"https:\/\/cdu-buir.de\/?page_id=1166","title":{"rendered":"Termine"},"content":{"rendered":"<div class=\"pt-cv-wrapper\"><div class=\"pt-cv-view pt-cv-grid pt-cv-colsys\" id=\"pt-cv-view-39eea0eqlv\"><div data-id=\"pt-cv-page-1\" class=\"pt-cv-page\" data-cvc=\"3\"><div class=\"col-md-4 col-sm-12 col-xs-12 pt-cv-content-item pt-cv-1-col\" ><div class='pt-cv-ifield'><a href=\"https:\/\/cdu-buir.de\/?p=2296\" class=\"_self pt-cv-href-thumbnail pt-cv-thumb-default\" target=\"_self\" ><img loading=\"lazy\" decoding=\"async\" width=\"300\" height=\"300\" src=\"https:\/\/cdu-buir.de\/wp-content\/uploads\/2019\/07\/ci_63103-300x300.jpg\" class=\"pt-cv-thumbnail\" alt=\"\" srcset=\"https:\/\/cdu-buir.de\/wp-content\/uploads\/2019\/07\/ci_63103-300x300.jpg 300w, https:\/\/cdu-buir.de\/wp-content\/uploads\/2019\/07\/ci_63103-150x150.jpg 150w, https:\/\/cdu-buir.de\/wp-content\/uploads\/2019\/07\/ci_63103-768x768.jpg 768w, https:\/\/cdu-buir.de\/wp-content\/uploads\/2019\/07\/ci_63103-e1563386442602.jpg 102w\" sizes=\"auto, (max-width: 300px) 100vw, 300px\" \/><\/a>\n<h4 class=\"pt-cv-title\"><a href=\"https:\/\/cdu-buir.de\/?p=2296\" class=\"_self\" target=\"_self\" >Sonntag, 28.09.2025<\/a><\/h4>\n<div class=\"pt-cv-content\">\n<p>Stichwahl zur Kommunalwahl in NRW, Sie haben die M\u00f6glichkeit den B\u00fcrgermeister und den Landrat zu bestimmen.<\/p>\n<\/div><\/div><\/div>\n<div class=\"col-md-4 col-sm-12 col-xs-12 pt-cv-content-item pt-cv-1-col\" ><div class='pt-cv-ifield'><a href=\"https:\/\/cdu-buir.de\/?p=2294\" class=\"_self pt-cv-href-thumbnail pt-cv-thumb-default\" target=\"_self\" ><img loading=\"lazy\" decoding=\"async\" width=\"300\" height=\"300\" src=\"https:\/\/cdu-buir.de\/wp-content\/uploads\/2019\/07\/ci_63100-300x300.jpg\" class=\"pt-cv-thumbnail\" alt=\"\" srcset=\"https:\/\/cdu-buir.de\/wp-content\/uploads\/2019\/07\/ci_63100-300x300.jpg 300w, https:\/\/cdu-buir.de\/wp-content\/uploads\/2019\/07\/ci_63100-150x150.jpg 150w, https:\/\/cdu-buir.de\/wp-content\/uploads\/2019\/07\/ci_63100-768x768.jpg 768w, https:\/\/cdu-buir.de\/wp-content\/uploads\/2019\/07\/ci_63100.jpg 1024w\" sizes=\"auto, (max-width: 300px) 100vw, 300px\" \/><\/a>\n<h4 class=\"pt-cv-title\"><a href=\"https:\/\/cdu-buir.de\/?p=2294\" class=\"_self\" target=\"_self\" >Sonntag, 14.09.2025<\/a><\/h4>\n<div class=\"pt-cv-content\">\n<p>Kommunalwahl in NRW, Sie haben die M\u00f6glichkeit den Rat der Kolpingstadt Kerpen zu w\u00e4hlen. Der B\u00fcrgermeister, der Kreistag des Rhein-Erft-Kreises und der Landrat werden ebenfalls neu gew\u00e4hlt.<\/p>\n<\/div><\/div><\/div>\n<div class=\"col-md-4 col-sm-12 col-xs-12 pt-cv-content-item pt-cv-1-col\" ><div class='pt-cv-ifield'><a href=\"https:\/\/cdu-buir.de\/?p=2292\" class=\"_self pt-cv-href-thumbnail pt-cv-thumb-default\" target=\"_self\" ><img loading=\"lazy\" decoding=\"async\" width=\"300\" height=\"216\" src=\"https:\/\/cdu-buir.de\/wp-content\/uploads\/2017\/12\/Standard-400-pixel-300x216.jpg\" class=\"pt-cv-thumbnail\" alt=\"\" srcset=\"https:\/\/cdu-buir.de\/wp-content\/uploads\/2017\/12\/Standard-400-pixel-300x216.jpg 300w, https:\/\/cdu-buir.de\/wp-content\/uploads\/2017\/12\/Standard-400-pixel.jpg 398w\" sizes=\"auto, (max-width: 300px) 100vw, 300px\" \/><\/a>\n<h4 class=\"pt-cv-title\"><a href=\"https:\/\/cdu-buir.de\/?p=2292\" class=\"_self\" target=\"_self\" >Freitag, 22.08.2025<\/a><\/h4>\n<div class=\"pt-cv-content\">\n<p>Damit sie nicht nur \u00fcber ihre Kandidaten lesen, sondern sie auch pers\u00f6nlich besser kennen lernen k\u00f6nnen, werden wir am<\/p>\n\n\n\n<p><strong>22. August 2025<\/strong> <strong>zwischen 18.00 und 20.00 Uhr<\/strong><\/p>\n\n\n\n<p>zur Vorstellung und zum Gespr\u00e4ch f\u00fcr Sie da sein. Wir laden in den Biergarten der Gastst\u00e4tte \u201eEn de H\u00f6tt\u201c, Voigtplatz4 ein.<\/p>\n\n\n\n<p>Kommen Sie vorbei und nutzen Sie die Gelegenheit uns in lockerer Atmosph\u00e4re besser kennen zu lernen und auch eigene Anregungen und Ideen zu besprechen.<\/p>\n\n\n\n<p>Wir freuen uns auf Ihren Besuch!<\/p>\n\n\n\n<p>Ihre Kandidaten und die CDU Buir<\/p>\n<\/div><\/div><\/div><\/div><\/div>\n<div class=\" pt-cv-pagination-wrapper\"><ul class=\"pt-cv-pagination pt-cv-ajax pagination\" data-totalpages=\"8\" data-currentpage=\"1\" data-sid=\"39eea0eqlv\" data-unid=\"\" data-isblock=\"\" data-postid=\"\"><li class=\"active\"><a href=\"#\">1<\/a><\/li>\n\t<li ><a class=\"\" href=\"https:\/\/cdu-buir.de\/index.php\/?_page=2&#038;rest_route=%2Fwp%2Fv2%2Fpages%2F1166\">2<\/a><\/li>\n\t<li ><a class=\"\" href=\"https:\/\/cdu-buir.de\/index.php\/?_page=3&#038;rest_route=%2Fwp%2Fv2%2Fpages%2F1166\">3<\/a><\/li>\n\t<li ><a href=\"#\">&hellip;<\/a><\/li>\n\t<li ><a class=\"\" href=\"https:\/\/cdu-buir.de\/index.php\/?_page=8&#038;rest_route=%2Fwp%2Fv2%2Fpages%2F1166\">8<\/a><\/li>\n\t<li ><a class=\" \" href=\"https:\/\/cdu-buir.de\/index.php\/?_page=2&#038;rest_route=%2Fwp%2Fv2%2Fpages%2F1166\">&rsaquo;<\/a><\/li>\n\t<\/ul><img loading=\"lazy\" decoding=\"async\" width=\"15\" height=\"15\" class=\"pt-cv-spinner\" alt=\"Wird geladen\u00a0\u2026\" src=\"data:image\/gif;base64,R0lGODlhDwAPALMPAMrKygwMDJOTkz09PZWVla+vr3p6euTk5M7OzuXl5TMzMwAAAJmZmWZmZszMzP\/\/\/yH\/C05FVFNDQVBFMi4wAwEAAAAh+QQFCgAPACwAAAAADwAPAAAEQvDJaZaZOIcV8iQK8VRX4iTYoAwZ4iCYoAjZ4RxejhVNoT+mRGP4cyF4Pp0N98sBGIBMEMOotl6YZ3S61Bmbkm4mAgAh+QQFCgAPACwAAAAADQANAAAENPDJSRSZeA418itN8QiK8BiLITVsFiyBBIoYqnoewAD4xPw9iY4XLGYSjkQR4UAUD45DLwIAIfkEBQoADwAsAAAAAA8ACQAABC\/wyVlamTi3nSdgwFNdhEJgTJoNyoB9ISYoQmdjiZPcj7EYCAeCF1gEDo4Dz2eIAAAh+QQFCgAPACwCAAAADQANAAAEM\/DJBxiYeLKdX3IJZT1FU0iIg2RNKx3OkZVnZ98ToRD4MyiDnkAh6BkNC0MvsAj0kMpHBAAh+QQFCgAPACwGAAAACQAPAAAEMDC59KpFDll73HkAA2wVY5KgiK5b0RRoI6MuzG6EQqCDMlSGheEhUAgqgUUAFRySIgAh+QQFCgAPACwCAAIADQANAAAEM\/DJKZNLND\/kkKaHc3xk+QAMYDKsiaqmZCxGVjSFFCxB1vwy2oOgIDxuucxAMTAJFAJNBAAh+QQFCgAPACwAAAYADwAJAAAEMNAs86q1yaWwwv2Ig0jUZx3OYa4XoRAfwADXoAwfo1+CIjyFRuEho60aSNYlOPxEAAAh+QQFCgAPACwAAAIADQANAAAENPA9s4y8+IUVcqaWJ4qEQozSoAzoIyhCK2NFU2SJk0hNnyEOhKR2AzAAj4Pj4GE4W0bkJQIAOw==\" \/><div class=\"clear pt-cv-clear-pagination\"><\/div><\/div><\/div>\n","protected":false},"excerpt":{"rendered":"","protected":false},"author":1,"featured_media":0,"parent":0,"menu_order":0,"comment_status":"closed","ping_status":"closed","template":"","meta":{"footnotes":""},"class_list":["post-1166","page","type-page","status-publish","hentry"],"_links":{"self":[{"href":"https:\/\/cdu-buir.de\/index.php?rest_route=\/wp\/v2\/pages\/1166","targetHints":{"allow":["GET"]}}],"collection":[{"href":"https:\/\/cdu-buir.de\/index.php?rest_route=\/wp\/v2\/pages"}],"about":[{"href":"https:\/\/cdu-buir.de\/index.php?rest_route=\/wp\/v2\/types\/page"}],"author":[{"embeddable":true,"href":"https:\/\/cdu-buir.de\/index.php?rest_route=\/wp\/v2\/users\/1"}],"replies":[{"embeddable":true,"href":"https:\/\/cdu-buir.de\/index.php?rest_route=%2Fwp%2Fv2%2Fcomments&post=1166"}],"version-history":[{"count":1,"href":"https:\/\/cdu-buir.de\/index.php?rest_route=\/wp\/v2\/pages\/1166\/revisions"}],"predecessor-version":[{"id":1168,"href":"https:\/\/cdu-buir.de\/index.php?rest_route=\/wp\/v2\/pages\/1166\/revisions\/1168"}],"wp:attachment":[{"href":"https:\/\/cdu-buir.de\/index.php?rest_route=%2Fwp%2Fv2%2Fmedia&parent=1166"}],"curies":[{"name":"wp","href":"https:\/\/api.w.org\/{rel}","templated":true}]}}